{"id":24,"date":"2024-11-26T08:25:52","date_gmt":"2024-11-26T07:25:52","guid":{"rendered":"https:\/\/saint-maximin-au-coeur.fr\/?page_id=24"},"modified":"2024-11-26T08:51:49","modified_gmt":"2024-11-26T07:51:49","slug":"a-propos-de","status":"publish","type":"page","link":"https:\/\/saint-maximin-au-coeur.fr\/index.php\/a-propos-de\/","title":{"rendered":"\u00c0 propos de"},"content":{"rendered":"\n<p>Issu d&#8217;un collectif ayant su rassembler des voix de toutes les sensibilit\u00e9s, notre association est n\u00e9e de la volont\u00e9 commune de construire un avenir meilleur pour Saint-Maximin.<\/p>\n\n\n\n<p><\/p>\n","protected":false},"excerpt":{"rendered":"<p>Issu d&#8217;un collectif ayant su rassembler des voix de toutes les sensibilit\u00e9s, notre association est n\u00e9e de la volont\u00e9 commune de construire un avenir meilleur pour Saint-Maximin.<\/p>\n","protected":false},"author":1,"featured_media":0,"parent":0,"menu_order":0,"comment_status":"closed","ping_status":"closed","template":"","meta":{"footnotes":""},"class_list":["post-24","page","type-page","status-publish","hentry"],"_links":{"self":[{"href":"https:\/\/saint-maximin-au-coeur.fr\/index.php\/wp-json\/wp\/v2\/pages\/24","targetHints":{"allow":["GET"]}}],"collection":[{"href":"https:\/\/saint-maximin-au-coeur.fr\/index.php\/wp-json\/wp\/v2\/pages"}],"about":[{"href":"https:\/\/saint-maximin-au-coeur.fr\/index.php\/wp-json\/wp\/v2\/types\/page"}],"author":[{"embeddable":true,"href":"https:\/\/saint-maximin-au-coeur.fr\/index.php\/wp-json\/wp\/v2\/users\/1"}],"replies":[{"embeddable":true,"href":"https:\/\/saint-maximin-au-coeur.fr\/index.php\/wp-json\/wp\/v2\/comments?post=24"}],"version-history":[{"count":2,"href":"https:\/\/saint-maximin-au-coeur.fr\/index.php\/wp-json\/wp\/v2\/pages\/24\/revisions"}],"predecessor-version":[{"id":61,"href":"https:\/\/saint-maximin-au-coeur.fr\/index.php\/wp-json\/wp\/v2\/pages\/24\/revisions\/61"}],"wp:attachment":[{"href":"https:\/\/saint-maximin-au-coeur.fr\/index.php\/wp-json\/wp\/v2\/media?parent=24"}],"curies":[{"name":"wp","href":"https:\/\/api.w.org\/{rel}","templated":true}]}}