{"id":110,"date":"2025-08-12T15:50:41","date_gmt":"2025-08-12T13:50:41","guid":{"rendered":"https:\/\/saint-maximin-au-coeur.fr\/?page_id=110"},"modified":"2025-08-12T16:17:15","modified_gmt":"2025-08-12T14:17:15","slug":"presentation-de-notre-candidat-fabrice-albert","status":"publish","type":"page","link":"https:\/\/saint-maximin-au-coeur.fr\/index.php\/presentation-de-notre-candidat-fabrice-albert\/","title":{"rendered":"Pr\u00e9sentation de Notre candidat : Fabrice Albert"},"content":{"rendered":"\n<figure class=\"wp-block-image size-full\"><img loading=\"lazy\" decoding=\"async\" width=\"870\" height=\"558\" src=\"https:\/\/saint-maximin-au-coeur.fr\/wp-content\/uploads\/2025\/08\/Photo-Fabrice-Albert-nouveau-DG-JF-Rey.jpg\" alt=\"\" class=\"wp-image-147\" srcset=\"https:\/\/saint-maximin-au-coeur.fr\/wp-content\/uploads\/2025\/08\/Photo-Fabrice-Albert-nouveau-DG-JF-Rey.jpg 870w, https:\/\/saint-maximin-au-coeur.fr\/wp-content\/uploads\/2025\/08\/Photo-Fabrice-Albert-nouveau-DG-JF-Rey-300x192.jpg 300w, https:\/\/saint-maximin-au-coeur.fr\/wp-content\/uploads\/2025\/08\/Photo-Fabrice-Albert-nouveau-DG-JF-Rey-768x493.jpg 768w\" sizes=\"auto, (max-width: 870px) 100vw, 870px\" \/><\/figure>\n\n\n\n<p><strong>Nous avons \u00e9lu Fabrice Albert pour nous repr\u00e9senter.<\/strong><\/p>\n\n\n\n<p>Dot\u00e9 d&#8217;une vision claire et d&#8217;une capacit\u00e9 \u00e0 communiquer avec transparence et empathie, <strong>\u00e9paul\u00e9 par une \u00e9quipe dynamique<\/strong>, Fabrice incarne les valeurs de <strong>confiance et d&#8217;int\u00e9grit\u00e9,<\/strong> il est d\u00e9termin\u00e9 \u00e0 instaurer un<strong> <\/strong><strong>climat politique apais\u00e9 et serein<\/strong>.<\/p>\n\n\n\n<p>Gr\u00e2ce \u00e0 son \u00e9coute bienveillante et \u00e0 son engagement quotidien, Fabrice place <strong>les habitants au c\u0153ur de ses priorit\u00e9s et redonne tout son sens au service public de proximit\u00e9.<\/strong><\/p>\n\n\n\n<p><\/p>\n\n\n\n<p><\/p>\n\n\n\n<p><\/p>\n","protected":false},"excerpt":{"rendered":"<p>Nous avons \u00e9lu Fabrice Albert pour nous repr\u00e9senter. Dot\u00e9 d&#8217;une vision claire et d&#8217;une capacit\u00e9 \u00e0 communiquer avec transparence et empathie, \u00e9paul\u00e9 par une \u00e9quipe dynamique, Fabrice incarne les valeurs de confiance et d&#8217;int\u00e9grit\u00e9, il est d\u00e9termin\u00e9 \u00e0 instaurer un climat politique apais\u00e9 et serein. Gr\u00e2ce \u00e0 son \u00e9coute bienveillante et \u00e0 son engagement quotidien, [&hellip;]<\/p>\n","protected":false},"author":2,"featured_media":0,"parent":0,"menu_order":0,"comment_status":"closed","ping_status":"closed","template":"","meta":{"footnotes":""},"class_list":["post-110","page","type-page","status-publish","hentry"],"_links":{"self":[{"href":"https:\/\/saint-maximin-au-coeur.fr\/index.php\/wp-json\/wp\/v2\/pages\/110","targetHints":{"allow":["GET"]}}],"collection":[{"href":"https:\/\/saint-maximin-au-coeur.fr\/index.php\/wp-json\/wp\/v2\/pages"}],"about":[{"href":"https:\/\/saint-maximin-au-coeur.fr\/index.php\/wp-json\/wp\/v2\/types\/page"}],"author":[{"embeddable":true,"href":"https:\/\/saint-maximin-au-coeur.fr\/index.php\/wp-json\/wp\/v2\/users\/2"}],"replies":[{"embeddable":true,"href":"https:\/\/saint-maximin-au-coeur.fr\/index.php\/wp-json\/wp\/v2\/comments?post=110"}],"version-history":[{"count":2,"href":"https:\/\/saint-maximin-au-coeur.fr\/index.php\/wp-json\/wp\/v2\/pages\/110\/revisions"}],"predecessor-version":[{"id":148,"href":"https:\/\/saint-maximin-au-coeur.fr\/index.php\/wp-json\/wp\/v2\/pages\/110\/revisions\/148"}],"wp:attachment":[{"href":"https:\/\/saint-maximin-au-coeur.fr\/index.php\/wp-json\/wp\/v2\/media?parent=110"}],"curies":[{"name":"wp","href":"https:\/\/api.w.org\/{rel}","templated":true}]}}